{"id":702,"date":"2020-12-10T09:34:36","date_gmt":"2020-12-10T12:34:36","guid":{"rendered":"https:\/\/leticiamatos.com.br\/index.php\/produto\/twin-cute-bunny-set-combo\/"},"modified":"2024-01-23T17:08:35","modified_gmt":"2024-01-23T20:08:35","slug":"aparelho-fixo-estetico","status":"publish","type":"product","link":"https:\/\/leticiamatos.com.br\/index.php\/produto\/aparelho-fixo-estetico\/","title":{"rendered":"Aparelho fixo est\u00e9tico"},"content":{"rendered":"<p><strong><em>O aparelho fixo est\u00e9tico \u00e9 composto por pe\u00e7as transparentes que n\u00e3o prejudicam a apar\u00eancia do sorriso,\u00a0 eliminando o \u201cefeito met\u00e1lico\u201d que os aparelhos convencionais proporcionam.<\/em><\/strong><\/p>\n<p>Tal como o\u00a0<a href=\"https:\/\/leticiamatos.com.br\/index.php\/produto\/index.php\/produto\/aparelho-metalico\/\">aparelho met\u00e1lico<\/a>\u00a0convencional, \u00e9 utilizado para os tratamentos de:<\/p>\n<ul>\n<li>diastema (espa\u00e7o entre dois dentes);<\/li>\n<li>mordida aberta (distanciamento dos dentes superiores e inferiores, impedindo o contato entre ambos, quando do fechamento da mandibula);<\/li>\n<li>mordida cruzada (ou mordida invertida, significa o mal alinhamento entre os dentes, sendo que a arcada dent\u00e1ria superior realiza o encaixe por dentro da arcada inferior);<\/li>\n<li>apinhamento dent\u00e1rio (tamb\u00e9m chamado de encavalamento ou dentes tortos, \u00e9 quando o espa\u00e7o da arcada dent\u00e1ria \u00e9 muito pequeno para a acomoda\u00e7\u00e3o de toda a denti\u00e7\u00e3o. Os dentes podem se agrupar, sobrepor,\u00a0torcer, e mesmo serem empurrados para frente ou para tr\u00e1s);<\/li>\n<li>mordida profunda ou sobremordida (durante a mordida\u00a0os dentes superiores cobrem totalmente, ou de maneira excessiva, os dentes de baixo).<\/li>\n<\/ul>\n<p>&nbsp;<\/p>\n<p>Tipos de<em>\u00a0Aparelhos Fixos Est\u00e9ticos<\/em>:<\/p>\n<ul>\n<li><em>Aparelhos de Policarbonato<\/em>:\u00a0 Feitos de resina pl\u00e1stica, possuem uma colora\u00e7\u00e3o mais leitosa, S\u00e3o menos resistentes mais de um custo mais acess\u00edvel. Requer a utiliza\u00e7\u00e3o das borrachinhas;<\/li>\n<li><em>Aparelho de Porcelana<\/em>: Mais resistentes que os de Porcelana.\u00a0 Os braquetes tamb\u00e9m s\u00e3o menores e suas pe\u00e7as s\u00e3o de cor branca e leitosa. A cor tende a n\u00e3o mudar com o tempo . Podem ser o de borrachinha ou\u00a0<a href=\"https:\/\/leticiamatos.com.br\/index.php\/produto\/index.php\/produto\/aparelho-autoligado\/\">autoligado<\/a>;<\/li>\n<li>Aparelho de Safira: confeccionadas em porcelana monocristalina, o que permite um efeito transl\u00facido, semelhante a um vidro, \u00e9 o mais resistente, mais transparente, e por isto, o mais est\u00e9tico;<\/li>\n<\/ul>\n<p>&nbsp;<\/p>\n<hr \/>\n","protected":false},"excerpt":{"rendered":"<p><strong><em>Muitos pacientes tem procurado aparelhos mais discretos, no lugar do j\u00e1 conhecido aparelho fixo met\u00e1lico. Neste caso, o aparelho fixo est\u00e9tico \u00e9 uma \u00f3tima e elegante op\u00e7\u00e3o!<\/em><\/strong><\/p>\n<p><strong>Discreto e elegante!!!!<\/strong><\/p>\n<p>A procura por aparelhos est\u00e9ticos est\u00e1 cada vez mais em alta! Como a troca do aparelho met\u00e1lico pelo est\u00e9tico vem crescendo a cada dia, necessit\u00e1vamos de um aparelho mais transparente e bonito, por\u00e9m que n\u00e3o comprometesse a velocidade do tratamento!<br \/>\nAp\u00f3s a evolu\u00e7\u00e3o dos materiais est\u00e9ticos, hoje possu\u00edmos aparelhos completamente transparentes, com borrachinhas bem resistentes \u00e0 descolora\u00e7\u00e3o, dando um resultado est\u00e9tico agrad\u00e1vel durante o tratamento.<br \/>\nEsses aparelhos podem ser utilizados para tratamentos simples e complexos, e com um bom planejamento, possuem resultados excelentes!<\/p>\n","protected":false},"featured_media":2303,"template":"","meta":{"om_disable_all_campaigns":false,"_monsterinsights_skip_tracking":false,"_monsterinsights_sitenote_active":false,"_monsterinsights_sitenote_note":"","_monsterinsights_sitenote_category":0,"site-sidebar-layout":"default","site-content-layout":"default","ast-global-header-display":"","ast-main-header-display":"","ast-hfb-above-header-display":"","ast-hfb-below-header-display":"","ast-hfb-mobile-header-display":"","site-post-title":"","ast-breadcrumbs-content":"","ast-featured-img":"","footer-sml-layout":"","theme-transparent-header-meta":"default","adv-header-id-meta":"","stick-header-meta":"default","header-above-stick-meta":"","header-main-stick-meta":"","header-below-stick-meta":""},"product_brand":[],"product_cat":[62,43],"product_tag":[54],"class_list":{"0":"post-702","1":"product","2":"type-product","3":"status-publish","4":"has-post-thumbnail","6":"product_cat-aparelhos","7":"product_cat-ortodontia-estetica","8":"product_tag-aparelho-transparente","9":"align-left","10":"box-shadow-2","11":"box-shadow-5-hover","12":"ast-product-gallery-layout-first-image-large","13":"ast-product-tabs-layout-horizontal","15":"first","16":"instock","17":"shipping-taxable","18":"product-type-simple"},"aioseo_notices":[],"_links":{"self":[{"href":"https:\/\/leticiamatos.com.br\/index.php\/wp-json\/wp\/v2\/product\/702","targetHints":{"allow":["GET"]}}],"collection":[{"href":"https:\/\/leticiamatos.com.br\/index.php\/wp-json\/wp\/v2\/product"}],"about":[{"href":"https:\/\/leticiamatos.com.br\/index.php\/wp-json\/wp\/v2\/types\/product"}],"version-history":[{"count":19,"href":"https:\/\/leticiamatos.com.br\/index.php\/wp-json\/wp\/v2\/product\/702\/revisions"}],"predecessor-version":[{"id":2358,"href":"https:\/\/leticiamatos.com.br\/index.php\/wp-json\/wp\/v2\/product\/702\/revisions\/2358"}],"wp:featuredmedia":[{"embeddable":true,"href":"https:\/\/leticiamatos.com.br\/index.php\/wp-json\/wp\/v2\/media\/2303"}],"wp:attachment":[{"href":"https:\/\/leticiamatos.com.br\/index.php\/wp-json\/wp\/v2\/media?parent=702"}],"wp:term":[{"taxonomy":"product_brand","embeddable":true,"href":"https:\/\/leticiamatos.com.br\/index.php\/wp-json\/wp\/v2\/product_brand?post=702"},{"taxonomy":"product_cat","embeddable":true,"href":"https:\/\/leticiamatos.com.br\/index.php\/wp-json\/wp\/v2\/product_cat?post=702"},{"taxonomy":"product_tag","embeddable":true,"href":"https:\/\/leticiamatos.com.br\/index.php\/wp-json\/wp\/v2\/product_tag?post=702"}],"curies":[{"name":"wp","href":"https:\/\/api.w.org\/{rel}","templated":true}]}}