{"id":690,"date":"2020-12-10T09:25:01","date_gmt":"2020-12-10T12:25:01","guid":{"rendered":"https:\/\/leticiamatos.com.br\/index.php\/produto\/nutrikids-food-nutrition-dha-orange\/"},"modified":"2024-01-23T17:39:12","modified_gmt":"2024-01-23T20:39:12","slug":"clareamento-dental","status":"publish","type":"product","link":"https:\/\/leticiamatos.com.br\/index.php\/produto\/clareamento-dental\/","title":{"rendered":"Clareamento dental"},"content":{"rendered":"<p>O efeito do clareamento dental pode permanecer por 1 a 3 anos, dependendo dos cuidados e da alimenta\u00e7\u00e3o do paciente. Anualmente pode ser indicado um tratamento de retoque.<\/p>\n<p>Para prolongar o efeito do clareamento dental, \u00e9 fundamental a higieniza\u00e7\u00e3o\u00a0 com o uso regular de fio dental, seguido e a escova\u00e7\u00e3o, al\u00e9m de evitar o consumo de alimentos com muito corantes.<\/p>\n<p><strong>Contra indica\u00e7\u00f5es<\/strong><\/p>\n<p>Para quem o clareamento dental n\u00e3o \u00e9 indicado?<\/p>\n<ul>\n<li>Menores de 16 anos;<\/li>\n<li>Pacientes no 1\u00b0 e no 3\u00b0 trimestre da gravidez;<\/li>\n<li>Pacientes que est\u00e3o amamentando;<\/li>\n<li>Pacientes com muita sensibilidade dent\u00e1ria;<\/li>\n<li>Pacientes com retra\u00e7\u00f5es gengivais;<\/li>\n<li>Pacientes que t\u00eam manchas nos dentes causadas pelo uso de tetraciclina.<\/li>\n<\/ul>\n<p>&nbsp;<\/p>\n<hr \/>\n","protected":false},"excerpt":{"rendered":"<div class=\"\">\n<p><strong><em>O Clareamento pode ser feito no consult\u00f3rio, em casa pelo paciente (sob orienta\u00e7\u00e3o do dentista), ou as duas t\u00e9cnicas simultaneamente.<\/em><\/strong><\/p>\n<p><strong>Clareamento ap\u00f3s o Aparelho!!!<\/strong><\/p>\n<p>Quero meus dentes brancos!!<\/p>\n<p>Ap\u00f3s visualizar o seu novo sorriso, sem aparelho, com dentes alinhados e lindos, a maioria das pessoas (em torno de 90%) imediatamente possuem um novo sonho: Clareamento Dental!!!<br \/>\nO Clareamento pode ser feito no consult\u00f3rio, em casa pelo paciente (sob orienta\u00e7\u00e3o do dentista), ou as duas t\u00e9cnicas simultaneamente.<br \/>\nApenas com a utiliza\u00e7\u00e3o do aparelho lingual ou alinhadores est\u00e9ticos, o clareamento poder\u00e1 ser realizado durante o tratamento ortod\u00f4ntico!<br \/>\nSempre fa\u00e7a o clareamento sob orienta\u00e7\u00e3o de um profissional! Somente este pode indicar a t\u00e9cnica que encaixe melhor com suas caracter\u00edsticas individuais, como sensibilidade, ra\u00edzes expostas, presen\u00e7a de restaura\u00e7\u00f5es, trincas, etc.<br \/>\nUm lindo sorriso deve ser bem cuidado!<\/p>\n<\/div>\n","protected":false},"featured_media":1356,"template":"","meta":{"om_disable_all_campaigns":false,"_monsterinsights_skip_tracking":false,"_monsterinsights_sitenote_active":false,"_monsterinsights_sitenote_note":"","_monsterinsights_sitenote_category":0,"site-sidebar-layout":"default","site-content-layout":"default","ast-global-header-display":"","ast-main-header-display":"","ast-hfb-above-header-display":"","ast-hfb-below-header-display":"","ast-hfb-mobile-header-display":"","site-post-title":"","ast-breadcrumbs-content":"","ast-featured-img":"","footer-sml-layout":"","theme-transparent-header-meta":"default","adv-header-id-meta":"","stick-header-meta":"default","header-above-stick-meta":"","header-main-stick-meta":"","header-below-stick-meta":""},"product_brand":[],"product_cat":[23,63],"product_tag":[56],"class_list":{"0":"post-690","1":"product","2":"type-product","3":"status-publish","4":"has-post-thumbnail","6":"product_cat-clareamento-dental","7":"product_cat-tratamentos-ortodontologicos","8":"product_tag-clareamento-a-laser","9":"align-left","10":"box-shadow-2","11":"box-shadow-5-hover","12":"ast-product-gallery-layout-first-image-large","13":"ast-product-tabs-layout-horizontal","15":"first","16":"instock","17":"shipping-taxable","18":"product-type-simple"},"aioseo_notices":[],"_links":{"self":[{"href":"https:\/\/leticiamatos.com.br\/index.php\/wp-json\/wp\/v2\/product\/690","targetHints":{"allow":["GET"]}}],"collection":[{"href":"https:\/\/leticiamatos.com.br\/index.php\/wp-json\/wp\/v2\/product"}],"about":[{"href":"https:\/\/leticiamatos.com.br\/index.php\/wp-json\/wp\/v2\/types\/product"}],"version-history":[{"count":14,"href":"https:\/\/leticiamatos.com.br\/index.php\/wp-json\/wp\/v2\/product\/690\/revisions"}],"predecessor-version":[{"id":2375,"href":"https:\/\/leticiamatos.com.br\/index.php\/wp-json\/wp\/v2\/product\/690\/revisions\/2375"}],"wp:featuredmedia":[{"embeddable":true,"href":"https:\/\/leticiamatos.com.br\/index.php\/wp-json\/wp\/v2\/media\/1356"}],"wp:attachment":[{"href":"https:\/\/leticiamatos.com.br\/index.php\/wp-json\/wp\/v2\/media?parent=690"}],"wp:term":[{"taxonomy":"product_brand","embeddable":true,"href":"https:\/\/leticiamatos.com.br\/index.php\/wp-json\/wp\/v2\/product_brand?post=690"},{"taxonomy":"product_cat","embeddable":true,"href":"https:\/\/leticiamatos.com.br\/index.php\/wp-json\/wp\/v2\/product_cat?post=690"},{"taxonomy":"product_tag","embeddable":true,"href":"https:\/\/leticiamatos.com.br\/index.php\/wp-json\/wp\/v2\/product_tag?post=690"}],"curies":[{"name":"wp","href":"https:\/\/api.w.org\/{rel}","templated":true}]}}