{"id":656,"date":"2020-12-10T09:06:41","date_gmt":"2020-12-10T12:06:41","guid":{"rendered":"https:\/\/leticiamatos.com.br\/index.php\/produto\/teddy-bear-ready-to-flight-doll\/"},"modified":"2024-01-23T17:23:22","modified_gmt":"2024-01-23T20:23:22","slug":"aparelho-autoligado","status":"publish","type":"product","link":"https:\/\/leticiamatos.com.br\/index.php\/produto\/aparelho-autoligado\/","title":{"rendered":"Aparelho Autoligado"},"content":{"rendered":"<p><strong><em>O aparelho autoligado ou autolig\u00e1vel, dispensa a utiliza\u00e7\u00e3o das borrachinhas tradicionais e funciona com base no br\u00e1quete, que sustenta o fio preso em pequenas estruturas que j\u00e1 v\u00eam acopladas nele \u2014 como uma esp\u00e9cie de presilha.<\/em><\/strong><\/p>\n<p>O\u00a0<strong><em>aparelho autoligado<\/em><\/strong>\u00a0elimina as borrachinhas do<a href=\"http:\/\/bem-vindo\/index.php\/produto\/aparelho-metalico\"><em>\u00a0aparelho met\u00e1lico<\/em><\/a>\u00a0convencional.<\/p>\n<p>Os braquetes tradicionais, que podem ser met\u00e1licos ou est\u00e9ticos (de safira ou cer\u00e2mica), s\u00e3o colados \u00e0 superf\u00edcie dos dentes. Os fios s\u00e3o fixados pelas borrachinhas, ou ligaduras el\u00e1stica, que pressiona mecanicamente os dentes\u00a0 para a posi\u00e7\u00e3o desejada.\u00a0 \u00c9 comum as borrachinhas mudarem a colora\u00e7\u00e3o, conforme o tipo de alimenta\u00e7\u00e3o.<\/p>\n<p>Os braquetes autoligados, que s\u00e3o menores, s\u00e3o colados sobre a superf\u00edcie dos dentes com uma resina composta, que n\u00e3o muda a sua colora\u00e7\u00e3o, que e fixam o fio ou arco ortod\u00f4ntico atrav\u00e9s de clipes (presilhas) no interior do pr\u00f3prio braquete, dispensando assim a necessidade da borrachinha.<\/p>\n<p>Esse tipo de aparelho ainda tem a vantagem de ser confeccionado em material met\u00e1lico, de porcelana ou pl\u00e1stico \u2014 policarbonato.<\/p>\n<p>O fios met\u00e1licos costumam ser\u00a0<a href=\"https:\/\/www.facebook.com\/cimpbrasilia\/videos\/fio-termoativo-um-diferencial-do-aparelho-autoligavel-%C3%A9-o-fio-ortod%C3%B4ntico-usado-\/856286467790137\/\">fios termoativados<\/a>, se moldando conforme a temperatura do corpo.<\/p>\n<p>Eliminar as borrachinhas do procedimento tradicional impacta na evolu\u00e7\u00e3o corretiva dos dentes da seguinte maneira:<\/p>\n<ul>\n<li>O tratamento pode ser mais r\u00e1pido, dependendo do tipo de movimenta\u00e7\u00e3o necess\u00e1ria;<\/li>\n<li>tem menos atrito na boca, deixando os dentes trabalharem de forma eficiente, ou seja, \u00e9 mais confort\u00e1vel: o paciente sente menos dor durante o tratamento;<\/li>\n<li>maior estabilidade do ajuste do aparelho: o aparelho convencional perde estabilidade em at\u00e9 20 dias;<\/li>\n<li>o fio termoativado permite ao paciente sair da consulta com o fio que ativa o tempo todo;<\/li>\n<li>a manuten\u00e7\u00e3o costuma ser trimestral, enquanto a manuten\u00e7\u00e3o do aparelho convencional costuma ser mensal: n\u00e3o h\u00e1 necessidade de troca de ligaduras el\u00e1sticas;<\/li>\n<li>\u00e9 mais higi\u00eanico pelo fato de n\u00e3o possuir as borrachinhas, acumulando assim menos detritos alimentares;<\/li>\n<li>o tratamento inicialmente \u00e9 mais caro, mais demanda menor custo de manuten\u00e7\u00e3o.<\/li>\n<\/ul>\n<p>&nbsp;<\/p>\n<p>A vers\u00e3o est\u00e9tica do aparelho autoligado que, tal qual no aparelho convencional est\u00e9tico, tem br\u00e1quetes confeccionados em material transparente ou da cor do dente, ou seja, pode ser confeccionado em material met\u00e1lico, mas tamb\u00e9m de porcelana ou pl\u00e1stico \u2014 policarbonato.<\/p>\n<p>As indica\u00e7\u00f5es do aparelho autoligado s\u00e3o as mesmas que o fixo convencional, ou seja, h\u00e1 uma infinidade de possibilidades, como:<\/p>\n<ul>\n<li>corre\u00e7\u00e3o de mordida (oclus\u00e3o);<\/li>\n<li>apinhamento (dentes tortos &#8211; quando h\u00e1 falta de espa\u00e7o na arcada para a acomoda\u00e7\u00e3o dos dentes);<\/li>\n<li>recupera\u00e7\u00e3o de espa\u00e7os quando se perde um dente;<\/li>\n<li>diastema (espa\u00e7amento entre dentes).<\/li>\n<\/ul>\n<p>&nbsp;<\/p>\n<hr \/>\n","protected":false},"excerpt":{"rendered":"<p><strong>Preocupado com o tempo de tratamento?<\/strong><\/p>\n<p>O aparelho autoligado n\u00e3o precisa das \u201cborrachinhas\u201d para prender o fio, possuindo uma trava pr\u00f3pria na anatomia do braquete! Assim, o deslize do fio nos braquetes torna-se mais f\u00e1cil e r\u00e1pido, j\u00e1 que o atrito \u00e9 reduzido! Este aparelho tamb\u00e9m pode oferecer maior conforto, com fios desenvolvidos pela NASA, utilizando for\u00e7as leves e cont\u00ednuas. Assim, realiza uma movimenta\u00e7\u00e3o mais segura do ponto de vista biol\u00f3gico e, na maioria das vezes, com menos sensibilidade durante o tratamento!<br \/>\nMas como nem tudo \u00e9 milagre\u2026. o tempo de tratamento depende de muitos fatores, al\u00e9m do tipo de braquete utilizado, como um bom planejamento, experi\u00eancia do ortodontista, idade e resposta biol\u00f3gica do paciente, tamanho das raizes, densidade \u00f3ssea, tipo de movimento a ser realizado, etc.<br \/>\nUm \u00f3timo Ortodontista ser\u00e1 capaz de lhe oferecer um excelente tratamento!<\/p>\n","protected":false},"featured_media":1897,"template":"","meta":{"om_disable_all_campaigns":false,"_monsterinsights_skip_tracking":false,"_monsterinsights_sitenote_active":false,"_monsterinsights_sitenote_note":"","_monsterinsights_sitenote_category":0,"site-sidebar-layout":"default","site-content-layout":"default","ast-global-header-display":"","ast-main-header-display":"","ast-hfb-above-header-display":"","ast-hfb-below-header-display":"","ast-hfb-mobile-header-display":"","site-post-title":"","ast-breadcrumbs-content":"","ast-featured-img":"","footer-sml-layout":"","theme-transparent-header-meta":"default","adv-header-id-meta":"","stick-header-meta":"default","header-above-stick-meta":"","header-main-stick-meta":"","header-below-stick-meta":""},"product_brand":[],"product_cat":[62,51],"product_tag":[57],"class_list":{"0":"post-656","1":"product","2":"type-product","3":"status-publish","4":"has-post-thumbnail","6":"product_cat-aparelhos","7":"product_cat-ortodontia-moderna","8":"product_tag-aparelho-rapido","9":"align-left","10":"box-shadow-2","11":"box-shadow-5-hover","12":"ast-product-gallery-layout-first-image-large","13":"ast-product-tabs-layout-horizontal","15":"first","16":"instock","17":"shipping-taxable","18":"product-type-simple"},"aioseo_notices":[],"_links":{"self":[{"href":"https:\/\/leticiamatos.com.br\/index.php\/wp-json\/wp\/v2\/product\/656","targetHints":{"allow":["GET"]}}],"collection":[{"href":"https:\/\/leticiamatos.com.br\/index.php\/wp-json\/wp\/v2\/product"}],"about":[{"href":"https:\/\/leticiamatos.com.br\/index.php\/wp-json\/wp\/v2\/types\/product"}],"version-history":[{"count":13,"href":"https:\/\/leticiamatos.com.br\/index.php\/wp-json\/wp\/v2\/product\/656\/revisions"}],"predecessor-version":[{"id":2364,"href":"https:\/\/leticiamatos.com.br\/index.php\/wp-json\/wp\/v2\/product\/656\/revisions\/2364"}],"wp:featuredmedia":[{"embeddable":true,"href":"https:\/\/leticiamatos.com.br\/index.php\/wp-json\/wp\/v2\/media\/1897"}],"wp:attachment":[{"href":"https:\/\/leticiamatos.com.br\/index.php\/wp-json\/wp\/v2\/media?parent=656"}],"wp:term":[{"taxonomy":"product_brand","embeddable":true,"href":"https:\/\/leticiamatos.com.br\/index.php\/wp-json\/wp\/v2\/product_brand?post=656"},{"taxonomy":"product_cat","embeddable":true,"href":"https:\/\/leticiamatos.com.br\/index.php\/wp-json\/wp\/v2\/product_cat?post=656"},{"taxonomy":"product_tag","embeddable":true,"href":"https:\/\/leticiamatos.com.br\/index.php\/wp-json\/wp\/v2\/product_tag?post=656"}],"curies":[{"name":"wp","href":"https:\/\/api.w.org\/{rel}","templated":true}]}}