{"id":651,"date":"2020-12-10T08:52:06","date_gmt":"2020-12-10T11:52:06","guid":{"rendered":"https:\/\/leticiamatos.com.br\/index.php\/produto\/vitcom-nutrition-fruits-flavor\/"},"modified":"2024-01-23T17:34:50","modified_gmt":"2024-01-23T20:34:50","slug":"tratamento-orto-cirurgico","status":"publish","type":"product","link":"https:\/\/leticiamatos.com.br\/index.php\/produto\/tratamento-orto-cirurgico\/","title":{"rendered":"Tratamento Orto Cir\u00fargico"},"content":{"rendered":"<p>O tratamento orto cir\u00fargico \u00e9 necess\u00e1rio em casos que possuem componente esquel\u00e9tico e dent\u00e1rio. E apenas o tratamento ortod\u00f4ntico n\u00e3o \u00e9 o suficiente para dar est\u00e9tica e fun\u00e7\u00e3o adequada para o paciente. Exemplos:<\/p>\n<ul>\n<li>discrep\u00e2ncia esquel\u00e9tica (\u00f3ssea) que pode ser causada pela protrus\u00e3o da maxila (arcada superior),<br \/>\nretra\u00e7\u00e3o da mand\u00edbula (arcada inferior) ou a combina\u00e7\u00e3o de ambas as situa\u00e7\u00f5es (pacientes Classe II)<\/li>\n<li>m\u00e1 oclus\u00e3o caracterizada por discrep\u00e2ncias anteroposteriores dent\u00e1rias e faciais, normalmente acompanhadas por altera\u00e7\u00f5es esquel\u00e9ticas (pacientes Classe III)<\/li>\n<li>sorriso gengival<\/li>\n<li>mordida cruzada<\/li>\n<\/ul>\n<p>O tratamento orto cir\u00fargico \u00e9 a combina\u00e7\u00e3o do tratamento ortod\u00f4ntico com a cirurgia ortogn\u00e1tica.\u00a0\u00a0 Neste tipo de tratamento o Ortodontista e o cirurgi\u00e3o Bucomaxilofacial elaboram conjuntamente um planejamento que tem por objetivo a corre\u00e7\u00e3o facial e ortod\u00f4ntica do paciente.<\/p>\n<p>A cirurgia ortogn\u00e1tica corrige altera\u00e7\u00f5es de crescimento dos maxilares (anomalias dentofaciais), que ocasionam dist\u00farbios da mordida, articula\u00e7\u00f5es e respira\u00e7\u00e3o, e na est\u00e9tica facial. A cirurgia pode ser na maxila, mand\u00edbula, ou em ambas.<\/p>\n<p>&nbsp;<\/p>\n<hr \/>\n","protected":false},"excerpt":{"rendered":"<p><strong>Quero mudar meu sorriso!!!!<\/strong><\/p>\n<p>O sorriso para ser considerado bonito depende dos dentes e das estruturas vizinhas, como osso, gengiva, l\u00e1bios e musculatura facial.<br \/>\nSe voc\u00ea sempre se incomodou com a quantidade de gengiva que aparece em seu sorriso, ou com os dentes de baixo que se encaixam para frente demais, ou reclama que os dentes da maxila s\u00e3o muito para fora\u2026 Essa informa\u00e7\u00e3o pode ser muito \u00fatil pra voc\u00ea!<br \/>\nEm alguns casos, pode-se chegar a conclus\u00e3o de que somente o tratamento ortod\u00f4ntico n\u00e3o ser\u00e1 capaz de alcan\u00e7ar os resultados almejados.<br \/>\nAssim, normalmente ser\u00e3o necess\u00e1rios uma fase inicial de aparelho fixo, uma fase cir\u00fargica (com um cirurgi\u00e3o especialista em Buco-Maxilo-Facial), e outra fase de aparelho fixo, para alcan\u00e7ar um bom encaixe da mordida e um lindo sorriso!!!!<\/p>\n","protected":false},"featured_media":1907,"template":"","meta":{"om_disable_all_campaigns":false,"_monsterinsights_skip_tracking":false,"_monsterinsights_sitenote_active":false,"_monsterinsights_sitenote_note":"","_monsterinsights_sitenote_category":0,"site-sidebar-layout":"default","site-content-layout":"default","ast-global-header-display":"","ast-main-header-display":"","ast-hfb-above-header-display":"","ast-hfb-below-header-display":"","ast-hfb-mobile-header-display":"","site-post-title":"","ast-breadcrumbs-content":"","ast-featured-img":"","footer-sml-layout":"","theme-transparent-header-meta":"default","adv-header-id-meta":"","stick-header-meta":"default","header-above-stick-meta":"","header-main-stick-meta":"","header-below-stick-meta":""},"product_brand":[],"product_cat":[33,63],"product_tag":[68,58],"class_list":{"0":"post-651","1":"product","2":"type-product","3":"status-publish","4":"has-post-thumbnail","6":"product_cat-ortodontia-e-cirurgia-ortognatica","7":"product_cat-tratamentos-ortodontologicos","8":"product_tag-cirurgia-ossea","9":"product_tag-ortodontia-e-cirurgia-ortognatica","10":"align-left","11":"box-shadow-2","12":"box-shadow-5-hover","13":"ast-product-gallery-layout-first-image-large","14":"ast-product-tabs-layout-horizontal","16":"first","17":"instock","18":"shipping-taxable","19":"product-type-simple"},"aioseo_notices":[],"_links":{"self":[{"href":"https:\/\/leticiamatos.com.br\/index.php\/wp-json\/wp\/v2\/product\/651","targetHints":{"allow":["GET"]}}],"collection":[{"href":"https:\/\/leticiamatos.com.br\/index.php\/wp-json\/wp\/v2\/product"}],"about":[{"href":"https:\/\/leticiamatos.com.br\/index.php\/wp-json\/wp\/v2\/types\/product"}],"version-history":[{"count":10,"href":"https:\/\/leticiamatos.com.br\/index.php\/wp-json\/wp\/v2\/product\/651\/revisions"}],"predecessor-version":[{"id":2372,"href":"https:\/\/leticiamatos.com.br\/index.php\/wp-json\/wp\/v2\/product\/651\/revisions\/2372"}],"wp:featuredmedia":[{"embeddable":true,"href":"https:\/\/leticiamatos.com.br\/index.php\/wp-json\/wp\/v2\/media\/1907"}],"wp:attachment":[{"href":"https:\/\/leticiamatos.com.br\/index.php\/wp-json\/wp\/v2\/media?parent=651"}],"wp:term":[{"taxonomy":"product_brand","embeddable":true,"href":"https:\/\/leticiamatos.com.br\/index.php\/wp-json\/wp\/v2\/product_brand?post=651"},{"taxonomy":"product_cat","embeddable":true,"href":"https:\/\/leticiamatos.com.br\/index.php\/wp-json\/wp\/v2\/product_cat?post=651"},{"taxonomy":"product_tag","embeddable":true,"href":"https:\/\/leticiamatos.com.br\/index.php\/wp-json\/wp\/v2\/product_tag?post=651"}],"curies":[{"name":"wp","href":"https:\/\/api.w.org\/{rel}","templated":true}]}}