{"id":2345,"date":"2024-01-23T16:32:18","date_gmt":"2024-01-23T19:32:18","guid":{"rendered":"https:\/\/leticiamatos.com.br\/?post_type=product&#038;p=2345"},"modified":"2024-01-23T16:37:54","modified_gmt":"2024-01-23T19:37:54","slug":"aparelho-lingual","status":"publish","type":"product","link":"https:\/\/leticiamatos.com.br\/index.php\/produto\/aparelho-lingual\/","title":{"rendered":"Aparelho lingual"},"content":{"rendered":"<p><strong><em>Diferentemente do\u00a0<\/em><\/strong><a href=\"https:\/\/leticiamatos.com.br\/index.php\/produto\/index.php\/produto\/aparelho-metalico\/\"><strong><em>aparelho met\u00e1lico convencional<\/em><\/strong><\/a><strong><em>\u00a0o aparelho lingual utiliza br\u00e1quetes menores e o fio met\u00e1lico na face lingual dos dentes, ou seja, o os braquetes s\u00e3o colados por dentro da boca, junto a l\u00edngua.<\/em><\/strong><\/p>\n<p><strong>Aparelho invis\u00edvel quando voc\u00ea sorri!<\/strong><\/p>\n<p>O aparelho lingual tamb\u00e9m \u00e9 conhecido como aparelho interno, por ser fixado na face interior dos dentes, ou lingual, por ficar posicionado em um local pr\u00f3ximo a l\u00edngua.<\/p>\n<p>O aparelho lingual pode ser do tipo conveniconal, com a borrachinha, ou lingual autoligado (veja\u00a0<a href=\"https:\/\/leticiamatos.com.br\/index.php\/produto\/index.php\/produto\/aparelho-autoligado\/\"><em>aparelho autoligado<\/em><\/a>).<\/p>\n<p>Algumas caracter\u00edsticas do aparelho lingual:<\/p>\n<ul>\n<li>Menor preocupa\u00e7\u00e3o com a\u00a0 visibilidade do aparelho em almo\u00e7os e eventos sociais;<\/li>\n<li>Ap\u00f3s a remo\u00e7\u00e3o do aparelho, n\u00e3o ter\u00e1 a superf\u00edcie de fora dos dentes atingida por manchas ou c\u00e1ries;<\/li>\n<li>Permite a corre\u00e7\u00e3o mais r\u00e1pida de mordida cruzada e atresia;<\/li>\n<li>Voc\u00ea poder\u00e1 acompanhar o tratamento, sem que o aparelho atrapalhe sua vis\u00e3o;<\/li>\n<li>Por estar atr\u00e1s dos dentes, junto com a lingua, n\u00e3o faz volume entre os l\u00e1bios e os dentes e por isso n\u00e3o altera o formato dos l\u00e1bios;<\/li>\n<li>\u00c9 muito indicado para praticantes de esportes, pois, por ficar na parte de tr\u00e1s dos dentes, n\u00e3o oferece riscos de feridas caso haja qualquer impacto na boca ou rosto de modo geral;<\/li>\n<li>Para alguns pacientes a adapta\u00e7\u00e3o ao uso do aparelho lingual \u00e9 mais demorada;<\/li>\n<li>A higieniza\u00e7\u00e3o do aparelho lingual requer mais cuidado, uma vez que o aparelho n\u00e3o fica vis\u00edvel, fica atr\u00e1s dos dentes.<\/li>\n<\/ul>\n<p>Exemplo de algumas marcas de aparelho lingual: Incognito, E-braces, Harmony, ORJ, Invovation L, Hybrid System\u2026..\u00c9 a alternativa mais discreta para tratamento ortod\u00f4ntico. Quando voc\u00ea sorri, o aparelho n\u00e3o aparece! Muito utilizada por artistas e atletas.<\/p>\n<p>&nbsp;<\/p>\n<hr \/>\n","protected":false},"excerpt":{"rendered":"<p><strong><em>\u00c9 a alternativa mais discreta para tratamento ortod\u00f4ntico. Quando voc\u00ea sorri, o aparelho n\u00e3o aparece! Muito utilizada por artistas e atletas.<\/em><\/strong><\/p>\n<p>O aparelho lingual, tamb\u00e9m conhecido como\u00a0<strong>aparelho invis\u00edvel<\/strong>\u00a0\u00e9 fixado na face interna dos dentes, e por isso recebeu a fama de aparelho INVIS\u00cdVEL!<\/p>\n<p>\u00c9 a alternativa mais discreta para tratamento ortod\u00f4ntico! Muito utilizada em adultos, atletas e artistas.<br \/>\nO aparelho lingual foi idealizado por volta de 1970, nos Estados Unidos para o tratamento de artistas de Beverlly Hills, e no Jap\u00e3o para o tratamento de lutadores marciais.<br \/>\nAtualmente, o aparelho \u201cinvis\u00edvel\u201d \u00e9 procurado principalmente por adultos que procuram est\u00e9tica durante o tratamento, ou por atletas, para evitar traumas!<br \/>\nPor\u00e9m, \u00e9 indicado para TODOS os tipos de tratamentos, desde os pequenos movimentos aos tratamentos mais complexos.<\/p>\n","protected":false},"featured_media":2302,"template":"","meta":{"om_disable_all_campaigns":false,"_monsterinsights_skip_tracking":false,"_monsterinsights_sitenote_active":false,"_monsterinsights_sitenote_note":"","_monsterinsights_sitenote_category":0,"site-sidebar-layout":"default","site-content-layout":"default","ast-global-header-display":"","ast-main-header-display":"","ast-hfb-above-header-display":"","ast-hfb-below-header-display":"","ast-hfb-mobile-header-display":"","site-post-title":"","ast-breadcrumbs-content":"","ast-featured-img":"","footer-sml-layout":"","theme-transparent-header-meta":"default","adv-header-id-meta":"","stick-header-meta":"default","header-above-stick-meta":"","header-main-stick-meta":"","header-below-stick-meta":""},"product_brand":[],"product_cat":[62,50],"product_tag":[55],"class_list":{"0":"post-2345","1":"product","2":"type-product","3":"status-publish","4":"has-post-thumbnail","6":"product_cat-aparelhos","7":"product_cat-ortodontia-invisivel","8":"product_tag-aparelhos-invisiveis","9":"align-left","10":"box-shadow-2","11":"box-shadow-5-hover","12":"ast-product-gallery-layout-first-image-large","13":"ast-product-tabs-layout-horizontal","15":"first","16":"instock","17":"shipping-taxable","18":"product-type-simple"},"aioseo_notices":[],"_links":{"self":[{"href":"https:\/\/leticiamatos.com.br\/index.php\/wp-json\/wp\/v2\/product\/2345","targetHints":{"allow":["GET"]}}],"collection":[{"href":"https:\/\/leticiamatos.com.br\/index.php\/wp-json\/wp\/v2\/product"}],"about":[{"href":"https:\/\/leticiamatos.com.br\/index.php\/wp-json\/wp\/v2\/types\/product"}],"version-history":[{"count":2,"href":"https:\/\/leticiamatos.com.br\/index.php\/wp-json\/wp\/v2\/product\/2345\/revisions"}],"predecessor-version":[{"id":2350,"href":"https:\/\/leticiamatos.com.br\/index.php\/wp-json\/wp\/v2\/product\/2345\/revisions\/2350"}],"wp:featuredmedia":[{"embeddable":true,"href":"https:\/\/leticiamatos.com.br\/index.php\/wp-json\/wp\/v2\/media\/2302"}],"wp:attachment":[{"href":"https:\/\/leticiamatos.com.br\/index.php\/wp-json\/wp\/v2\/media?parent=2345"}],"wp:term":[{"taxonomy":"product_brand","embeddable":true,"href":"https:\/\/leticiamatos.com.br\/index.php\/wp-json\/wp\/v2\/product_brand?post=2345"},{"taxonomy":"product_cat","embeddable":true,"href":"https:\/\/leticiamatos.com.br\/index.php\/wp-json\/wp\/v2\/product_cat?post=2345"},{"taxonomy":"product_tag","embeddable":true,"href":"https:\/\/leticiamatos.com.br\/index.php\/wp-json\/wp\/v2\/product_tag?post=2345"}],"curies":[{"name":"wp","href":"https:\/\/api.w.org\/{rel}","templated":true}]}}