{"id":2530,"date":"2024-02-19T17:40:19","date_gmt":"2024-02-19T20:40:19","guid":{"rendered":"https:\/\/leticiamatos.com.br\/?page_id=2530"},"modified":"2024-02-26T21:13:19","modified_gmt":"2024-02-27T00:13:19","slug":"orientacoes","status":"publish","type":"page","link":"https:\/\/leticiamatos.com.br\/index.php\/ortodontia\/orientacoes\/","title":{"rendered":"Orienta\u00e7\u00f5es"},"content":{"rendered":"\t\t<div data-elementor-type=\"wp-page\" data-elementor-id=\"2530\" class=\"elementor elementor-2530\">\n\t\t\t\t\t\t<section class=\"elementor-section elementor-top-section elementor-element elementor-element-42f9f07 elementor-section-boxed elementor-section-height-default elementor-section-height-default\" data-id=\"42f9f07\" data-element_type=\"section\">\n\t\t\t\t\t\t<div class=\"elementor-container elementor-column-gap-default\">\n\t\t\t\t\t<div class=\"elementor-column elementor-col-100 elementor-top-column elementor-element elementor-element-e891542\" data-id=\"e891542\" data-element_type=\"column\">\n\t\t\t<div class=\"elementor-widget-wrap elementor-element-populated\">\n\t\t\t\t\t\t<div class=\"elementor-element elementor-element-0b60699 elementor-widget elementor-widget-heading\" data-id=\"0b60699\" data-element_type=\"widget\" data-widget_type=\"heading.default\">\n\t\t\t\t<div class=\"elementor-widget-container\">\n\t\t\t\t\t<h3 class=\"elementor-heading-title elementor-size-default\">Orienta\u00e7\u00f5es<\/h3>\t\t\t\t<\/div>\n\t\t\t\t<\/div>\n\t\t\t\t<section class=\"elementor-section elementor-inner-section elementor-element elementor-element-94607f7 elementor-section-boxed elementor-section-height-default elementor-section-height-default\" data-id=\"94607f7\" data-element_type=\"section\">\n\t\t\t\t\t\t<div class=\"elementor-container elementor-column-gap-default\">\n\t\t\t\t\t<div class=\"elementor-column elementor-col-33 elementor-inner-column elementor-element elementor-element-88bb4d6\" data-id=\"88bb4d6\" data-element_type=\"column\">\n\t\t\t<div class=\"elementor-widget-wrap elementor-element-populated\">\n\t\t\t\t\t\t<div class=\"elementor-element elementor-element-0b77612 elementor-widget elementor-widget-image\" data-id=\"0b77612\" data-element_type=\"widget\" data-widget_type=\"image.default\">\n\t\t\t\t<div class=\"elementor-widget-container\">\n\t\t\t\t\t\t\t\t\t\t\t\t\t\t\t<img fetchpriority=\"high\" decoding=\"async\" width=\"300\" height=\"200\" src=\"https:\/\/leticiamatos.com.br\/wp-content\/uploads\/2024\/02\/clareamento-dos-dentes-1-300x200-1.jpg\" class=\"attachment-large size-large wp-image-2536\" alt=\"\" \/>\t\t\t\t\t\t\t\t\t\t\t\t\t\t\t<\/div>\n\t\t\t\t<\/div>\n\t\t\t\t<div class=\"elementor-element elementor-element-4a298f2 elementor-widget elementor-widget-image\" data-id=\"4a298f2\" data-element_type=\"widget\" data-widget_type=\"image.default\">\n\t\t\t\t<div class=\"elementor-widget-container\">\n\t\t\t\t\t\t\t\t\t\t\t\t\t\t\t<img decoding=\"async\" width=\"300\" height=\"250\" src=\"https:\/\/leticiamatos.com.br\/wp-content\/uploads\/2024\/02\/aparelho-fixo-estetico-2-300X250.jpg\" class=\"attachment-large size-large wp-image-2535\" alt=\"\" \/>\t\t\t\t\t\t\t\t\t\t\t\t\t\t\t<\/div>\n\t\t\t\t<\/div>\n\t\t\t\t<div class=\"elementor-element elementor-element-0f61262 elementor-widget elementor-widget-image\" data-id=\"0f61262\" data-element_type=\"widget\" data-widget_type=\"image.default\">\n\t\t\t\t<div class=\"elementor-widget-container\">\n\t\t\t\t\t\t\t\t\t\t\t\t\t\t\t<img decoding=\"async\" width=\"300\" height=\"200\" src=\"https:\/\/leticiamatos.com.br\/wp-content\/uploads\/2024\/02\/ortodontia-orientacoes.jpg\" class=\"attachment-large size-large wp-image-2537\" alt=\"\" \/>\t\t\t\t\t\t\t\t\t\t\t\t\t\t\t<\/div>\n\t\t\t\t<\/div>\n\t\t\t\t\t<\/div>\n\t\t<\/div>\n\t\t\t\t<div class=\"elementor-column elementor-col-66 elementor-inner-column elementor-element elementor-element-af39cf0\" data-id=\"af39cf0\" data-element_type=\"column\">\n\t\t\t<div class=\"elementor-widget-wrap elementor-element-populated\">\n\t\t\t\t\t\t<div class=\"elementor-element elementor-element-2fd3e79 elementor-widget elementor-widget-text-editor\" data-id=\"2fd3e79\" data-element_type=\"widget\" data-widget_type=\"text-editor.default\">\n\t\t\t\t<div class=\"elementor-widget-container\">\n\t\t\t\t\t\t\t\t\t<p><span style=\"font-size: 14pt;\">1 &#8211; Para o in\u00edcio do tratamento ortod\u00f4ntico \u00e9 indispens\u00e1vel que os dentes estejam em perfeitas condi\u00e7\u00f5es: limpos, sem c\u00e1ries ou restaura\u00e7\u00f5es inadequadas.<\/span><\/p><p><span style=\"font-size: 14pt;\">2 \u2013 Durante todo o tratamento, de prefer\u00eancia a cada 3 meses, o paciente dever\u00e1 fazer revis\u00f5es e limpeza dos dentes. Quando for necess\u00e1rio, realizar tratamento de c\u00e1ries e doen\u00e7as gengivais.<\/span><\/p><p><span style=\"font-size: 14pt;\">3 &#8211; As consultas, para acompanhamento do tratamento, s\u00e3o normalmente realizadas mensalmente, mas podem ocorrer varia\u00e7\u00f5es, conforme a determina\u00e7\u00e3o do Ortodontista;<\/span><\/p><p><span style=\"font-size: 14pt;\">4 \u2013 Ap\u00f3s a instala\u00e7\u00e3o do aparelho e ativa\u00e7\u00f5es peri\u00f3dicas, inicia um per\u00edodo de adapta\u00e7\u00e3o, que pode variar de 1 dia a algumas semanas, dependendo de cada paciente e aparelho utilizado;<\/span><\/p><p><span style=\"font-size: 14pt;\">5 \u2013 Cada tipo de aparelho merece cuidados individuais! Seu ortodontista ir\u00e1 orient\u00e1-lo quanto a escova\u00e7\u00e3o, alimenta\u00e7\u00e3o e prote\u00e7\u00e3o;<\/span><\/p><p><span style=\"font-size: 14pt;\">6 &#8211; O aparelho ortod\u00f4ntico n\u00e3o estraga os dentes, nem causa inflama\u00e7\u00f5es gengivais. Por\u00e9m, \u00e9 necess\u00e1rio um cuidado maior com a higiene oral, para que o ac\u00famulo de restos de alimentos n\u00e3o provoquem esses danos nos dentes;<\/span><\/p><p><span style=\"font-size: 14pt;\">7 &#8211; Ap\u00f3s o t\u00e9rmino do tratamento \u00e9 imprescind\u00edvel, para estabilidade do tratamento, o uso de conten\u00e7\u00e3o. O ortodontista ir\u00e1 determinar qual tipo de conten\u00e7\u00e3o \u00e9 mais adequada para cada caso.<\/span><\/p><p><span style=\"font-size: 14pt;\">8 &#8211; O uso do aparelho, os cuidados e o comparecimento \u00e0s consultas marcadas, s\u00e3o fatores determinantes para o tempo do tratamento e obten\u00e7\u00e3o de bons resultados.<\/span><\/p>\t\t\t\t\t\t\t\t<\/div>\n\t\t\t\t<\/div>\n\t\t\t\t\t<\/div>\n\t\t<\/div>\n\t\t\t\t\t<\/div>\n\t\t<\/section>\n\t\t\t\t<section class=\"elementor-section elementor-inner-section elementor-element elementor-element-4f137bc elementor-section-boxed elementor-section-height-default elementor-section-height-default\" data-id=\"4f137bc\" data-element_type=\"section\">\n\t\t\t\t\t\t<div class=\"elementor-container elementor-column-gap-default\">\n\t\t\t\t\t<div class=\"elementor-column elementor-col-100 elementor-inner-column elementor-element elementor-element-bdf24e4\" data-id=\"bdf24e4\" data-element_type=\"column\">\n\t\t\t<div class=\"elementor-widget-wrap elementor-element-populated\">\n\t\t\t\t\t\t<div class=\"elementor-element elementor-element-d1bd93e elementor-widget elementor-widget-spacer\" data-id=\"d1bd93e\" data-element_type=\"widget\" data-widget_type=\"spacer.default\">\n\t\t\t\t<div class=\"elementor-widget-container\">\n\t\t\t\t\t\t\t<div class=\"elementor-spacer\">\n\t\t\t<div class=\"elementor-spacer-inner\"><\/div>\n\t\t<\/div>\n\t\t\t\t\t\t<\/div>\n\t\t\t\t<\/div>\n\t\t\t\t\t<\/div>\n\t\t<\/div>\n\t\t\t\t\t<\/div>\n\t\t<\/section>\n\t\t\t\t\t<\/div>\n\t\t<\/div>\n\t\t\t\t\t<\/div>\n\t\t<\/section>\n\t\t\t\t<\/div>\n\t\t","protected":false},"excerpt":{"rendered":"<p>Orienta\u00e7\u00f5es 1 &#8211; Para o in\u00edcio do tratamento ortod\u00f4ntico \u00e9 indispens\u00e1vel que os dentes estejam em perfeitas condi\u00e7\u00f5es: limpos, sem c\u00e1ries ou restaura\u00e7\u00f5es inadequadas. 2 \u2013 Durante todo o tratamento, de prefer\u00eancia a cada 3 meses, o paciente dever\u00e1 fazer revis\u00f5es e limpeza dos dentes. Quando for necess\u00e1rio, realizar tratamento de c\u00e1ries e doen\u00e7as gengivais. &hellip;<\/p>\n<p class=\"read-more\"> <a class=\"\" href=\"https:\/\/leticiamatos.com.br\/index.php\/ortodontia\/orientacoes\/\"> <span class=\"screen-reader-text\">Orienta\u00e7\u00f5es<\/span> Leia mais &raquo;<\/a><\/p>\n","protected":false},"author":2,"featured_media":0,"parent":2,"menu_order":0,"comment_status":"closed","ping_status":"closed","template":"","meta":{"om_disable_all_campaigns":false,"_monsterinsights_skip_tracking":false,"_monsterinsights_sitenote_active":false,"_monsterinsights_sitenote_note":"","_monsterinsights_sitenote_category":0,"site-sidebar-layout":"no-sidebar","site-content-layout":"page-builder","ast-global-header-display":"","ast-main-header-display":"","ast-hfb-above-header-display":"","ast-hfb-below-header-display":"","ast-hfb-mobile-header-display":"","site-post-title":"disabled","ast-breadcrumbs-content":"","ast-featured-img":"disabled","footer-sml-layout":"","theme-transparent-header-meta":"","adv-header-id-meta":"","stick-header-meta":"","header-above-stick-meta":"","header-main-stick-meta":"","header-below-stick-meta":"","footnotes":""},"class_list":["post-2530","page","type-page","status-publish","hentry"],"aioseo_notices":[],"_links":{"self":[{"href":"https:\/\/leticiamatos.com.br\/index.php\/wp-json\/wp\/v2\/pages\/2530","targetHints":{"allow":["GET"]}}],"collection":[{"href":"https:\/\/leticiamatos.com.br\/index.php\/wp-json\/wp\/v2\/pages"}],"about":[{"href":"https:\/\/leticiamatos.com.br\/index.php\/wp-json\/wp\/v2\/types\/page"}],"author":[{"embeddable":true,"href":"https:\/\/leticiamatos.com.br\/index.php\/wp-json\/wp\/v2\/users\/2"}],"replies":[{"embeddable":true,"href":"https:\/\/leticiamatos.com.br\/index.php\/wp-json\/wp\/v2\/comments?post=2530"}],"version-history":[{"count":16,"href":"https:\/\/leticiamatos.com.br\/index.php\/wp-json\/wp\/v2\/pages\/2530\/revisions"}],"predecessor-version":[{"id":2632,"href":"https:\/\/leticiamatos.com.br\/index.php\/wp-json\/wp\/v2\/pages\/2530\/revisions\/2632"}],"up":[{"embeddable":true,"href":"https:\/\/leticiamatos.com.br\/index.php\/wp-json\/wp\/v2\/pages\/2"}],"wp:attachment":[{"href":"https:\/\/leticiamatos.com.br\/index.php\/wp-json\/wp\/v2\/media?parent=2530"}],"curies":[{"name":"wp","href":"https:\/\/api.w.org\/{rel}","templated":true}]}}