{"id":2205,"date":"2023-03-28T19:47:54","date_gmt":"2023-03-28T22:47:54","guid":{"rendered":"https:\/\/leticiamatos.com.br\/?page_id=2205"},"modified":"2023-03-28T19:48:49","modified_gmt":"2023-03-28T22:48:49","slug":"quem-somos-bkp230328","status":"publish","type":"page","link":"https:\/\/leticiamatos.com.br\/index.php\/quem-somos-bkp230328\/","title":{"rendered":"Quem Somos &#8211; BKP230328"},"content":{"rendered":"\t\t<div data-elementor-type=\"wp-page\" data-elementor-id=\"2205\" class=\"elementor elementor-2205\">\n\t\t\t\t\t\t<section class=\"elementor-section elementor-top-section elementor-element elementor-element-54f5bc7 elementor-section-content-middle elementor-section-boxed elementor-section-height-default elementor-section-height-default\" data-id=\"54f5bc7\" data-element_type=\"section\" data-settings=\"{&quot;background_background&quot;:&quot;classic&quot;}\">\n\t\t\t\t\t\t\t<div class=\"elementor-background-overlay\"><\/div>\n\t\t\t\t\t\t\t<div class=\"elementor-container elementor-column-gap-no\">\n\t\t\t\t\t<div class=\"elementor-column elementor-col-100 elementor-top-column elementor-element elementor-element-0d27214\" data-id=\"0d27214\" data-element_type=\"column\">\n\t\t\t<div class=\"elementor-widget-wrap elementor-element-populated\">\n\t\t\t\t\t\t<div class=\"elementor-element elementor-element-957b799 elementor-widget elementor-widget-heading\" data-id=\"957b799\" data-element_type=\"widget\" data-widget_type=\"heading.default\">\n\t\t\t\t<div class=\"elementor-widget-container\">\n\t\t\t\t\t<h2 class=\"elementor-heading-title elementor-size-default\">Dra. Let\u00edcia Matos<\/h2>\t\t\t\t<\/div>\n\t\t\t\t<\/div>\n\t\t\t\t<div class=\"elementor-element elementor-element-bdb7e5a elementor-widget elementor-widget-heading\" data-id=\"bdb7e5a\" data-element_type=\"widget\" data-widget_type=\"heading.default\">\n\t\t\t\t<div class=\"elementor-widget-container\">\n\t\t\t\t\t<h3 class=\"elementor-heading-title elementor-size-default\">Ortodontia Especializada<\/h3>\t\t\t\t<\/div>\n\t\t\t\t<\/div>\n\t\t\t\t<div class=\"elementor-element elementor-element-efb3394 elementor-widget-divider--view-line elementor-widget elementor-widget-divider\" data-id=\"efb3394\" data-element_type=\"widget\" data-widget_type=\"divider.default\">\n\t\t\t\t<div class=\"elementor-widget-container\">\n\t\t\t\t\t\t\t<div class=\"elementor-divider\">\n\t\t\t<span class=\"elementor-divider-separator\">\n\t\t\t\t\t\t<\/span>\n\t\t<\/div>\n\t\t\t\t\t\t<\/div>\n\t\t\t\t<\/div>\n\t\t\t\t<section class=\"elementor-section elementor-inner-section elementor-element elementor-element-c2efc95 elementor-section-boxed elementor-section-height-default elementor-section-height-default\" data-id=\"c2efc95\" data-element_type=\"section\">\n\t\t\t\t\t\t<div class=\"elementor-container elementor-column-gap-no\">\n\t\t\t\t\t<div class=\"elementor-column elementor-col-33 elementor-inner-column elementor-element elementor-element-5869502\" data-id=\"5869502\" data-element_type=\"column\">\n\t\t\t<div class=\"elementor-widget-wrap elementor-element-populated\">\n\t\t\t\t\t\t<div class=\"elementor-element elementor-element-0f4be86 elementor-widget elementor-widget-image\" data-id=\"0f4be86\" data-element_type=\"widget\" data-widget_type=\"image.default\">\n\t\t\t\t<div class=\"elementor-widget-container\">\n\t\t\t\t\t\t\t\t\t\t\t\t\t\t\t<img fetchpriority=\"high\" decoding=\"async\" width=\"319\" height=\"397\" src=\"https:\/\/leticiamatos.com.br\/wp-content\/uploads\/2022\/08\/Dra-Leticia-Ortodontia.jpg\" class=\"attachment-large size-large wp-image-1637\" alt=\"Dra Let\u00edcia Matos - Ortodontista\" srcset=\"https:\/\/leticiamatos.com.br\/wp-content\/uploads\/2022\/08\/Dra-Leticia-Ortodontia.jpg 319w, https:\/\/leticiamatos.com.br\/wp-content\/uploads\/2022\/08\/Dra-Leticia-Ortodontia-241x300.jpg 241w\" sizes=\"(max-width: 319px) 100vw, 319px\" \/>\t\t\t\t\t\t\t\t\t\t\t\t\t\t\t<\/div>\n\t\t\t\t<\/div>\n\t\t\t\t\t<\/div>\n\t\t<\/div>\n\t\t\t\t<div class=\"elementor-column elementor-col-66 elementor-inner-column elementor-element elementor-element-bdfbaa4\" data-id=\"bdfbaa4\" data-element_type=\"column\">\n\t\t\t<div class=\"elementor-widget-wrap elementor-element-populated\">\n\t\t\t\t\t\t<div class=\"elementor-element elementor-element-5579d24 elementor-widget elementor-widget-heading\" data-id=\"5579d24\" data-element_type=\"widget\" data-widget_type=\"heading.default\">\n\t\t\t\t<div class=\"elementor-widget-container\">\n\t\t\t\t\t<h3 class=\"elementor-heading-title elementor-size-default\">Forma\u00e7\u00e3o Profissional<\/h3>\t\t\t\t<\/div>\n\t\t\t\t<\/div>\n\t\t\t\t<div class=\"elementor-element elementor-element-4719128 elementor-widget elementor-widget-text-editor\" data-id=\"4719128\" data-element_type=\"widget\" data-widget_type=\"text-editor.default\">\n\t\t\t\t<div class=\"elementor-widget-container\">\n\t\t\t\t\t\t\t\t\t<ul class=\"cv-experiencia\"><li><a href=\"#\">Ortodontista em consult\u00f3rio Odontol\u00f3gico, Vila Ol\u00edmpia, S\u00e3o Paulo \u2013 SP<\/a><\/li><li><a href=\"#\">P\u00f3s-Especializa\u00e7\u00e3o Ortodontia em Adultos \u2013 CETAO &#8211; SP<\/a><\/li><li><a href=\"#\">Especializa\u00e7\u00e3o em Ortodontia \u2013 Universidade de Ita\u00fana &#8211; MG<\/a><\/li><li><a href=\"#\">Aperfei\u00e7oamento Ortodontia Preventiva e Interceptativa \u2013 UFMG<\/a><\/li><li><a href=\"#\">Curso de credenciamento invisalign \u2013 S\u00e3o Paulo &#8211; SP<\/a><\/li><li><a href=\"#\">Curso de Certifica\u00e7\u00e3o eBrace &#8211; Resid\u00eancia Ortolingual \u2013 ABOL\u2013 S\u00e3o Paulo &#8211; SP<\/a><\/li><li><a href=\"#\">Curso Internacional Biomec\u00e2nica Lingual com Hands-on \u2013<br \/>Resid\u00eancia <\/a><\/li><\/ul>\t\t\t\t\t\t\t\t<\/div>\n\t\t\t\t<\/div>\n\t\t\t\t\t<\/div>\n\t\t<\/div>\n\t\t\t\t\t<\/div>\n\t\t<\/section>\n\t\t\t\t\t<\/div>\n\t\t<\/div>\n\t\t\t\t\t<\/div>\n\t\t<\/section>\n\t\t\t\t<section class=\"elementor-section elementor-top-section elementor-element elementor-element-e273695 elementor-section-boxed elementor-section-height-default elementor-section-height-default\" data-id=\"e273695\" data-element_type=\"section\" data-settings=\"{&quot;background_background&quot;:&quot;classic&quot;}\">\n\t\t\t\t\t\t<div class=\"elementor-container elementor-column-gap-no\">\n\t\t\t\t\t<div class=\"elementor-column elementor-col-50 elementor-top-column elementor-element elementor-element-b46e6a6\" data-id=\"b46e6a6\" data-element_type=\"column\">\n\t\t\t<div class=\"elementor-widget-wrap elementor-element-populated\">\n\t\t\t\t\t\t<div class=\"elementor-element elementor-element-c6f4a82 elementor-widget elementor-widget-heading\" data-id=\"c6f4a82\" data-element_type=\"widget\" data-widget_type=\"heading.default\">\n\t\t\t\t<div class=\"elementor-widget-container\">\n\t\t\t\t\t<h3 class=\"elementor-heading-title elementor-size-default\">Forma\u00e7\u00e3o Acad\u00eamica<\/h3>\t\t\t\t<\/div>\n\t\t\t\t<\/div>\n\t\t\t\t<div class=\"elementor-element elementor-element-b5173c2 elementor-widget-divider--view-line elementor-widget elementor-widget-divider\" data-id=\"b5173c2\" data-element_type=\"widget\" data-widget_type=\"divider.default\">\n\t\t\t\t<div class=\"elementor-widget-container\">\n\t\t\t\t\t\t\t<div class=\"elementor-divider\">\n\t\t\t<span class=\"elementor-divider-separator\">\n\t\t\t\t\t\t<\/span>\n\t\t<\/div>\n\t\t\t\t\t\t<\/div>\n\t\t\t\t<\/div>\n\t\t\t\t<div class=\"elementor-element elementor-element-024552e elementor-widget elementor-widget-text-editor\" data-id=\"024552e\" data-element_type=\"widget\" data-widget_type=\"text-editor.default\">\n\t\t\t\t<div class=\"elementor-widget-container\">\n\t\t\t\t\t\t\t\t\t<p>Ut viverra sit ullamcorper vitae nunc volutpat quam donec mauris tempus cursus quisque in eget et.<\/p>\t\t\t\t\t\t\t\t<\/div>\n\t\t\t\t<\/div>\n\t\t\t\t<div class=\"elementor-element elementor-element-6491961 elementor-widget elementor-widget-text-editor\" data-id=\"6491961\" data-element_type=\"widget\" data-widget_type=\"text-editor.default\">\n\t\t\t\t<div class=\"elementor-widget-container\">\n\t\t\t\t\t\t\t\t\t<ul class=\"cv-experiencia\"><li><a href=\"#\">Ortolingual\/ABOL &#8211; S\u00e3o Paulo &#8211; SP<\/a><\/li><li><a href=\"#\">MBA em Gest\u00e3o e Mercado para Profissionais da Sa\u00fade \u2013 Grupo Caproni &#8211; S\u00e3o Paulo &#8211; SP<\/a><\/li><li><a href=\"#\">Curso Avan\u00e7ado em Ortodontia Lingual \u2013 N\u00facleo de Estudos de Ortodontia Lingual &#8211; S\u00e3o Paulo &#8211; SP<\/a><\/li><li><a href=\"#\">Ex Profa. Assistente do Curso de Resid\u00eancia em Ortodontia Lingual e Est\u00e9tica- UNICSUL<\/a><\/li><li><a href=\"#\">Est\u00e1gio Internacional no consult\u00f3rio do Prof. Dr. Dirk Wiechmann &#8211; Alemanha (refer\u00eancia mundial em ortodontia lingual)<\/a><\/li><li><a href=\"#\">Membro da Associa\u00e7\u00e3o Brasileira de Ortodontia Lingual<\/a><\/li><li><a href=\"#\">Graduada em Odontologia pela Faculdade de Odontologia da UFMG<\/a><\/li><\/ul>\t\t\t\t\t\t\t\t<\/div>\n\t\t\t\t<\/div>\n\t\t\t\t\t<\/div>\n\t\t<\/div>\n\t\t\t\t<div class=\"elementor-column elementor-col-50 elementor-top-column elementor-element elementor-element-276c943\" data-id=\"276c943\" data-element_type=\"column\">\n\t\t\t<div class=\"elementor-widget-wrap elementor-element-populated\">\n\t\t\t\t\t\t<div class=\"elementor-element elementor-element-bdda5df elementor-widget elementor-widget-image\" data-id=\"bdda5df\" data-element_type=\"widget\" data-widget_type=\"image.default\">\n\t\t\t\t<div class=\"elementor-widget-container\">\n\t\t\t\t\t\t\t\t\t\t\t\t\t\t\t<img decoding=\"async\" width=\"600\" height=\"400\" src=\"https:\/\/leticiamatos.com.br\/wp-content\/uploads\/2022\/08\/Dra-Leticia-Matos-Ortodontia-Especializada.jpg\" class=\"attachment-full size-full wp-image-1657\" alt=\"Dra. Let\u00edcia Matos - Ortodontia Especializada\" srcset=\"https:\/\/leticiamatos.com.br\/wp-content\/uploads\/2022\/08\/Dra-Leticia-Matos-Ortodontia-Especializada.jpg 600w, https:\/\/leticiamatos.com.br\/wp-content\/uploads\/2022\/08\/Dra-Leticia-Matos-Ortodontia-Especializada-300x200.jpg 300w\" sizes=\"(max-width: 600px) 100vw, 600px\" \/>\t\t\t\t\t\t\t\t\t\t\t\t\t\t\t<\/div>\n\t\t\t\t<\/div>\n\t\t\t\t<section class=\"elementor-section elementor-inner-section elementor-element elementor-element-6f8a288 elementor-reverse-tablet elementor-reverse-mobile elementor-section-boxed elementor-section-height-default elementor-section-height-default\" data-id=\"6f8a288\" data-element_type=\"section\">\n\t\t\t\t\t\t<div class=\"elementor-container elementor-column-gap-no\">\n\t\t\t\t\t<div class=\"elementor-column elementor-col-33 elementor-inner-column elementor-element elementor-element-d0a30c2\" data-id=\"d0a30c2\" data-element_type=\"column\">\n\t\t\t<div class=\"elementor-widget-wrap elementor-element-populated\">\n\t\t\t\t\t\t<div class=\"elementor-element elementor-element-5b56e5d elementor-widget elementor-widget-image\" data-id=\"5b56e5d\" data-element_type=\"widget\" data-widget_type=\"image.default\">\n\t\t\t\t<div class=\"elementor-widget-container\">\n\t\t\t\t\t\t\t\t\t\t\t\t\t\t\t<img decoding=\"async\" width=\"200\" height=\"110\" src=\"https:\/\/leticiamatos.com.br\/wp-content\/uploads\/2022\/08\/Dra-Leticia-Matos-Logo-200X110.png\" class=\"attachment-full size-full wp-image-1653\" alt=\"Dra Let\u00edcia Matos - Ortodontia\" \/>\t\t\t\t\t\t\t\t\t\t\t\t\t\t\t<\/div>\n\t\t\t\t<\/div>\n\t\t\t\t\t<\/div>\n\t\t<\/div>\n\t\t\t\t<div class=\"elementor-column elementor-col-66 elementor-inner-column elementor-element elementor-element-22ab0f3\" data-id=\"22ab0f3\" data-element_type=\"column\">\n\t\t\t<div class=\"elementor-widget-wrap elementor-element-populated\">\n\t\t\t\t\t\t<div class=\"elementor-element elementor-element-46eddfc elementor-widget elementor-widget-text-editor\" data-id=\"46eddfc\" data-element_type=\"widget\" data-widget_type=\"text-editor.default\">\n\t\t\t\t<div class=\"elementor-widget-container\">\n\t\t\t\t\t\t\t\t\t<p>\u201cA Ortodontia \u00e9 a especialidade da Odontologia relacionada ao estudo, preven\u00e7\u00e3o e tratamento dos problemas de crescimento, desenvolvimento e amadurecimento da face, dos arcos dent\u00e1rios e da oclus\u00e3o, ou seja, disfun\u00e7\u00f5es dento-faciais.\u201d<\/p>\t\t\t\t\t\t\t\t<\/div>\n\t\t\t\t<\/div>\n\t\t\t\t\t<\/div>\n\t\t<\/div>\n\t\t\t\t\t<\/div>\n\t\t<\/section>\n\t\t\t\t\t<\/div>\n\t\t<\/div>\n\t\t\t\t\t<\/div>\n\t\t<\/section>\n\t\t\t\t<section class=\"elementor-section elementor-top-section elementor-element elementor-element-61026c0 elementor-section-boxed elementor-section-height-default elementor-section-height-default\" data-id=\"61026c0\" data-element_type=\"section\" data-settings=\"{&quot;background_background&quot;:&quot;classic&quot;}\">\n\t\t\t\t\t\t<div class=\"elementor-container elementor-column-gap-no\">\n\t\t\t\t\t<div class=\"elementor-column elementor-col-100 elementor-top-column elementor-element elementor-element-96ac596\" data-id=\"96ac596\" data-element_type=\"column\" data-settings=\"{&quot;background_background&quot;:&quot;classic&quot;}\">\n\t\t\t<div class=\"elementor-widget-wrap elementor-element-populated\">\n\t\t\t\t\t\t<div class=\"elementor-element elementor-element-041ad1e elementor-widget elementor-widget-heading\" data-id=\"041ad1e\" data-element_type=\"widget\" data-widget_type=\"heading.default\">\n\t\t\t\t<div class=\"elementor-widget-container\">\n\t\t\t\t\t<h6 class=\"elementor-heading-title elementor-size-default\">Tecnologia de ponta<\/h6>\t\t\t\t<\/div>\n\t\t\t\t<\/div>\n\t\t\t\t<div class=\"elementor-element elementor-element-a8a3807 elementor-widget elementor-widget-heading\" data-id=\"a8a3807\" data-element_type=\"widget\" data-widget_type=\"heading.default\">\n\t\t\t\t<div class=\"elementor-widget-container\">\n\t\t\t\t\t<h2 class=\"elementor-heading-title elementor-size-default\">Cada sorriso merece um tratamento personalizado<\/h2>\t\t\t\t<\/div>\n\t\t\t\t<\/div>\n\t\t\t\t<div class=\"elementor-element elementor-element-8c77d04 elementor-widget elementor-widget-text-editor\" data-id=\"8c77d04\" data-element_type=\"widget\" data-widget_type=\"text-editor.default\">\n\t\t\t\t<div class=\"elementor-widget-container\">\n\t\t\t\t\t\t\t\t\t<p>Os melhores recursos tecnol\u00f3gicos para o seu tratamento<\/p>\t\t\t\t\t\t\t\t<\/div>\n\t\t\t\t<\/div>\n\t\t\t\t\t<\/div>\n\t\t<\/div>\n\t\t\t\t\t<\/div>\n\t\t<\/section>\n\t\t\t\t<section class=\"elementor-section elementor-top-section elementor-element elementor-element-b05a5d7 elementor-section-boxed elementor-section-height-default elementor-section-height-default\" data-id=\"b05a5d7\" data-element_type=\"section\" data-settings=\"{&quot;background_background&quot;:&quot;classic&quot;}\">\n\t\t\t\t\t\t<div class=\"elementor-container elementor-column-gap-no\">\n\t\t\t\t\t<div class=\"elementor-column elementor-col-100 elementor-top-column elementor-element elementor-element-3c442cd\" data-id=\"3c442cd\" data-element_type=\"column\" data-settings=\"{&quot;background_background&quot;:&quot;classic&quot;}\">\n\t\t\t<div class=\"elementor-widget-wrap elementor-element-populated\">\n\t\t\t\t\t<div class=\"elementor-background-overlay\"><\/div>\n\t\t\t\t\t\t<div class=\"elementor-element elementor-element-5b9245a elementor-widget elementor-widget-heading\" data-id=\"5b9245a\" data-element_type=\"widget\" data-widget_type=\"heading.default\">\n\t\t\t\t<div class=\"elementor-widget-container\">\n\t\t\t\t\t<h6 class=\"elementor-heading-title elementor-size-default\">Subscribe to Our Newsletter<\/h6>\t\t\t\t<\/div>\n\t\t\t\t<\/div>\n\t\t\t\t<div class=\"elementor-element elementor-element-97ddc5e elementor-widget elementor-widget-heading\" data-id=\"97ddc5e\" data-element_type=\"widget\" data-widget_type=\"heading.default\">\n\t\t\t\t<div class=\"elementor-widget-container\">\n\t\t\t\t\t<h2 class=\"elementor-heading-title elementor-size-default\">Don't Miss Out!<\/h2>\t\t\t\t<\/div>\n\t\t\t\t<\/div>\n\t\t\t\t<div class=\"elementor-element elementor-element-a4cb60d elementor-widget elementor-widget-text-editor\" data-id=\"a4cb60d\" data-element_type=\"widget\" data-widget_type=\"text-editor.default\">\n\t\t\t\t<div class=\"elementor-widget-container\">\n\t\t\t\t\t\t\t\t\t<p>Get the latest on sales, special offer, new releases and more&#8230;<\/p>\t\t\t\t\t\t\t\t<\/div>\n\t\t\t\t<\/div>\n\t\t\t\t<div class=\"elementor-element elementor-element-e23a2da elementor-widget elementor-widget-wpforms\" data-id=\"e23a2da\" data-element_type=\"widget\" data-widget_type=\"wpforms.default\">\n\t\t\t\t<div class=\"elementor-widget-container\">\n\t\t\t\t\t<div class=\"wpforms-container inline-fields\" id=\"wpforms-17\"><form id=\"wpforms-form-17\" class=\"wpforms-validate wpforms-form\" data-formid=\"17\" method=\"post\" enctype=\"multipart\/form-data\" action=\"\/index.php\/wp-json\/wp\/v2\/pages\/2205\" data-token=\"1a3027806431b9698a5b7cd383fbfa3b\" data-token-time=\"1777489509\"><noscript class=\"wpforms-error-noscript\">Ative o JavaScript no seu navegador para preencher este formul\u00e1rio.<\/noscript><div class=\"wpforms-field-container\"><div id=\"wpforms-17-field_1-container\" class=\"wpforms-field wpforms-field-email\" data-field-id=\"1\"><label class=\"wpforms-field-label wpforms-label-hide\" for=\"wpforms-17-field_1\">Email <span class=\"wpforms-required-label\">*<\/span><\/label><input type=\"email\" id=\"wpforms-17-field_1\" class=\"wpforms-field-large wpforms-field-required\" name=\"wpforms[fields][1]\" placeholder=\"Email address\" spellcheck=\"false\" required><\/div><\/div><!-- .wpforms-field-container --><div class=\"wpforms-submit-container\" ><input type=\"hidden\" name=\"wpforms[id]\" value=\"17\"><input type=\"hidden\" name=\"page_title\" value=\"\"><input type=\"hidden\" name=\"page_url\" value=\"https:\/\/leticiamatos.com.br\/index.php\/wp-json\/wp\/v2\/pages\/2205\"><button type=\"submit\" name=\"wpforms[submit]\" id=\"wpforms-submit-17\" class=\"wpforms-submit\" data-alt-text=\"Sending...\" data-submit-text=\"Subscribe\" aria-live=\"assertive\" value=\"wpforms-submit\">Subscribe<\/button><\/div><\/form><\/div>  <!-- .wpforms-container -->\t\t\t\t<\/div>\n\t\t\t\t<\/div>\n\t\t\t\t\t<\/div>\n\t\t<\/div>\n\t\t\t\t\t<\/div>\n\t\t<\/section>\n\t\t\t\t<\/div>\n\t\t","protected":false},"excerpt":{"rendered":"<p>Dra. Let\u00edcia Matos Ortodontia Especializada Forma\u00e7\u00e3o Profissional Ortodontista em consult\u00f3rio Odontol\u00f3gico, Vila Ol\u00edmpia, S\u00e3o Paulo \u2013 SP P\u00f3s-Especializa\u00e7\u00e3o Ortodontia em Adultos \u2013 CETAO &#8211; SP Especializa\u00e7\u00e3o em Ortodontia \u2013 Universidade de Ita\u00fana &#8211; MG Aperfei\u00e7oamento Ortodontia Preventiva e Interceptativa \u2013 UFMG Curso de credenciamento invisalign \u2013 S\u00e3o Paulo &#8211; SP Curso de Certifica\u00e7\u00e3o eBrace &#8211; &hellip;<\/p>\n<p class=\"read-more\"> <a class=\"\" href=\"https:\/\/leticiamatos.com.br\/index.php\/quem-somos-bkp230328\/\"> <span class=\"screen-reader-text\">Quem Somos &#8211; BKP230328<\/span> Leia mais &raquo;<\/a><\/p>\n","protected":false},"author":2,"featured_media":0,"parent":0,"menu_order":0,"comment_status":"closed","ping_status":"closed","template":"","meta":{"om_disable_all_campaigns":false,"_monsterinsights_skip_tracking":false,"_monsterinsights_sitenote_active":false,"_monsterinsights_sitenote_note":"","_monsterinsights_sitenote_category":0,"site-sidebar-layout":"no-sidebar","site-content-layout":"page-builder","ast-global-header-display":"","ast-main-header-display":"","ast-hfb-above-header-display":"","ast-hfb-below-header-display":"","ast-hfb-mobile-header-display":"","site-post-title":"disabled","ast-breadcrumbs-content":"","ast-featured-img":"disabled","footer-sml-layout":"","theme-transparent-header-meta":"enabled","adv-header-id-meta":"","stick-header-meta":"","header-above-stick-meta":"","header-main-stick-meta":"","header-below-stick-meta":"","footnotes":""},"class_list":["post-2205","page","type-page","status-publish","hentry"],"aioseo_notices":[],"_links":{"self":[{"href":"https:\/\/leticiamatos.com.br\/index.php\/wp-json\/wp\/v2\/pages\/2205","targetHints":{"allow":["GET"]}}],"collection":[{"href":"https:\/\/leticiamatos.com.br\/index.php\/wp-json\/wp\/v2\/pages"}],"about":[{"href":"https:\/\/leticiamatos.com.br\/index.php\/wp-json\/wp\/v2\/types\/page"}],"author":[{"embeddable":true,"href":"https:\/\/leticiamatos.com.br\/index.php\/wp-json\/wp\/v2\/users\/2"}],"replies":[{"embeddable":true,"href":"https:\/\/leticiamatos.com.br\/index.php\/wp-json\/wp\/v2\/comments?post=2205"}],"version-history":[{"count":1,"href":"https:\/\/leticiamatos.com.br\/index.php\/wp-json\/wp\/v2\/pages\/2205\/revisions"}],"predecessor-version":[{"id":2206,"href":"https:\/\/leticiamatos.com.br\/index.php\/wp-json\/wp\/v2\/pages\/2205\/revisions\/2206"}],"wp:attachment":[{"href":"https:\/\/leticiamatos.com.br\/index.php\/wp-json\/wp\/v2\/media?parent=2205"}],"curies":[{"name":"wp","href":"https:\/\/api.w.org\/{rel}","templated":true}]}}